{"id":233,"date":"2023-05-18T19:57:28","date_gmt":"2023-05-18T10:57:28","guid":{"rendered":"https:\/\/www.tokyourbanchurch.com\/?page_id=233"},"modified":"2023-06-24T00:49:25","modified_gmt":"2023-06-23T15:49:25","slug":"im-new-%e5%88%9d%e3%82%81%e3%81%a6%e3%81%ae%e6%96%b9","status":"publish","type":"page","link":"https:\/\/www.tokyourbanchurch.com\/?page_id=233","title":{"rendered":"I'm New \u521d\u3081\u3066\u306e\u65b9"},"content":{"rendered":"\n<div class=\"wp-block-cover alignfull is-light\"><span aria-hidden=\"true\" class=\"wp-block-cover__background has-vk-color-custom-2-background-color has-background-dim-30 has-background-dim\"><\/span><img loading=\"lazy\" decoding=\"async\" width=\"1000\" height=\"720\" class=\"wp-block-cover__image-background wp-image-464\" alt=\"\" src=\"https:\/\/www.tokyourbanchurch.com\/wp-content\/uploads\/2023\/06\/\u5199\u771f-300-\u00d7-300-px-600-\u00d7-300-px-450-\u00d7-300-px-400-\u00d7-300-px-600-\u00d7-300-px-500-\u00d7-300-px-400-\u00d7-300-px-1000-\u00d7-720-px-1.jpg\" style=\"object-position:53% 22%\" data-object-fit=\"cover\" data-object-position=\"53% 22%\" srcset=\"https:\/\/www.tokyourbanchurch.com\/wp-content\/uploads\/2023\/06\/\u5199\u771f-300-\u00d7-300-px-600-\u00d7-300-px-450-\u00d7-300-px-400-\u00d7-300-px-600-\u00d7-300-px-500-\u00d7-300-px-400-\u00d7-300-px-1000-\u00d7-720-px-1.jpg 1000w, https:\/\/www.tokyourbanchurch.com\/wp-content\/uploads\/2023\/06\/\u5199\u771f-300-\u00d7-300-px-600-\u00d7-300-px-450-\u00d7-300-px-400-\u00d7-300-px-600-\u00d7-300-px-500-\u00d7-300-px-400-\u00d7-300-px-1000-\u00d7-720-px-1-300x216.jpg 300w, https:\/\/www.tokyourbanchurch.com\/wp-content\/uploads\/2023\/06\/\u5199\u771f-300-\u00d7-300-px-600-\u00d7-300-px-450-\u00d7-300-px-400-\u00d7-300-px-600-\u00d7-300-px-500-\u00d7-300-px-400-\u00d7-300-px-1000-\u00d7-720-px-1-768x553.jpg 768w\" sizes=\"auto, (max-width: 1000px) 100vw, 1000px\" \/><div class=\"wp-block-cover__inner-container is-layout-flow wp-block-cover-is-layout-flow\">\n<p class=\"has-text-align-center has-black-color has-text-color\" style=\"font-size:47px\"><strong>I'M NEW<br>\u521d\u3081\u3066\u306e\u65b9\u3078<\/strong><\/p>\n<\/div><\/div>\n\n\n\n<div class=\"wp-block-cover alignfull is-light\"><span aria-hidden=\"true\" class=\"wp-block-cover__background has-background-dim-100 has-background-dim\" style=\"background-color:#fffdf2\"><\/span><div class=\"wp-block-cover__inner-container is-layout-flow wp-block-cover-is-layout-flow\">\n<div style=\"height:68px\" aria-hidden=\"true\" class=\"wp-block-spacer\"><\/div>\n\n\n\n<div class=\"wp-block-columns is-layout-flex wp-container-core-columns-is-layout-9d6595d7 wp-block-columns-is-layout-flex\">\n<div class=\"wp-block-column is-layout-flow wp-block-column-is-layout-flow\" style=\"flex-basis:33.33%\">\n<figure class=\"wp-block-image size-full is-style-vk-image-photoFrame-tilt-right\"><img loading=\"lazy\" decoding=\"async\" width=\"400\" height=\"300\" src=\"https:\/\/www.tokyourbanchurch.com\/wp-content\/uploads\/2023\/06\/\u540d\u79f0\u672a\u8a2d\u5b9a-600-\u00d7-300-px-400-\u00d7-300-px.jpg\" alt=\"\" class=\"wp-image-501\" srcset=\"https:\/\/www.tokyourbanchurch.com\/wp-content\/uploads\/2023\/06\/\u540d\u79f0\u672a\u8a2d\u5b9a-600-\u00d7-300-px-400-\u00d7-300-px.jpg 400w, https:\/\/www.tokyourbanchurch.com\/wp-content\/uploads\/2023\/06\/\u540d\u79f0\u672a\u8a2d\u5b9a-600-\u00d7-300-px-400-\u00d7-300-px-300x225.jpg 300w\" sizes=\"auto, (max-width: 400px) 100vw, 400px\" \/><\/figure>\n<\/div>\n\n\n\n<div class=\"wp-block-column is-layout-flow wp-block-column-is-layout-flow\" style=\"flex-basis:66.66%\">\n<p class=\"has-text-align-center\"><strong>\u6771\u4eac\u30a2\u30fc\u30d0\u30f3\u30c1\u30e3\u30fc\u30c1\u306b\u3064\u3044\u3066<\/strong><\/p>\n\n\n\n<p class=\"has-text-align-center\">\u6771\u4eac\u30a2\u30fc\u30d0\u30f3\u30c1\u30e3\u30fc\u30c1\u3078\u3088\u3046\u3053\u305d\u304a\u8d8a\u3057\u4e0b\u3055\u3044\u307e\u3057\u305f\u3002\u79c1\u305f\u3061\u306f\u795e\u3068\u4eba\u3005\u3092\u5168\u529b\u3067\u611b\u3059\u308b\u6559\u4f1a\u3067\u3059\u3002<\/p>\n\n\n\n<p class=\"has-text-align-center\">\u69d8\u3005\u306a\u56fd\u7c4d\u3001\u30d0\u30c3\u30b0\u30b0\u30e9\u30a6\u30f3\u30c9\u3092\u6301\u3063\u305f\u4eba\u305f\u3061\u304c\u4e00\u3064\u96c6\u307e\u308a\u3001\u795e\u3092\u793c\u62dd\u3057\u3066\u3044\u307e\u3059\u3002\u4e92\u3044\u306b\u5fa1\u8a00\u8449\u3092\u5206\u304b\u3061\u5408\u3044\u3001\u7948\u308a\u5408\u3044\u3001\u611b\u3092\u5b9f\u8df5\u3057\u5408\u3046\u4e2d\u3067\u3001\u795e\u306b\u5bfe\u3059\u308b\u30b7\u30f3\u30d7\u30eb\u306a\u4fe1\u4ef0\u304c\u5efa\u3066\u4e0a\u3052\u3089\u308c\u3066\u3044\u307e\u3059\u3002\u305d\u3057\u3066\u3001\u4e00\u4eba\u4e00\u4eba\u304c\u4e16\u306e\u4e2d\u306b\u795e\u306e\u611b\u3092\u6ea2\u308c\u3055\u305b\u308b\u8005\u3068\u3057\u3066\u9063\u308f\u3055\u308c\u3066\u3044\u304d\u307e\u3059\u3002<\/p>\n\n\n\n<p class=\"has-text-align-center\">\u3042\u306a\u305f\u306e\u3053\u308c\u307e\u3067\u306e\u4eba\u751f\u304c\u3069\u306e\u3088\u3046\u306a\u6b69\u307f\u3067\u3042\u3063\u305f\u3068\u3057\u3066\u3082\u3001\u795e\u306e\u611b\u306f\u3059\u3079\u3066\u3092\u8986\u3044\u307e\u3059\u3002\u305c\u3072\u3001\u4e00\u5ea6\u8db3\u3092\u304a\u904b\u3073\u4e0b\u3055\u308a\u3001\u795e\u306e\u611b\u306b\u3088\u3063\u3066\u4eba\u751f\u304c\u5909\u3048\u3089\u308c\u308b\u5947\u8de1\u3092\u4f53\u9a13\u3057\u3066\u4e0b\u3055\u3044\u3002<\/p>\n\n\n\n<p><\/p>\n\n\n\n<p class=\"has-text-align-center\">\u304a\u5dee\u3057\u652f\u3048\u306a\u3051\u308c\u3070\u3001\u4e0b\u8a18\u306e\u30d5\u30a9\u30fc\u30e0\u3092\u3054\u8a18\u5165\u4e0b\u3055\u3044\u3002<br>\u203b\u500b\u4eba\u60c5\u5831\u306f\u53b3\u91cd\u306b\u6271\u3044\u3001\u6f0f\u308c\u308b\u3053\u3068\u306f\u3042\u308a\u307e\u305b\u3093\u3002<\/p>\n<\/div>\n<\/div>\n\n\n\n<div class=\"wp-block-contact-form-7-contact-form-selector\">\n<div class=\"wpcf7 no-js\" id=\"wpcf7-f236-o1\" lang=\"ja\" dir=\"ltr\" data-wpcf7-id=\"236\">\n<div class=\"screen-reader-response\"><p role=\"status\" aria-live=\"polite\" aria-atomic=\"true\"><\/p> <ul><\/ul><\/div>\n<form action=\"\/index.php?rest_route=%2Fwp%2Fv2%2Fpages%2F233#wpcf7-f236-o1\" method=\"post\" class=\"wpcf7-form init\" aria-label=\"\u30b3\u30f3\u30bf\u30af\u30c8\u30d5\u30a9\u30fc\u30e0\" novalidate=\"novalidate\" data-status=\"init\">\n<fieldset class=\"hidden-fields-container\"><input type=\"hidden\" name=\"_wpcf7\" value=\"236\" \/><input type=\"hidden\" name=\"_wpcf7_version\" value=\"6.1.5\" \/><input type=\"hidden\" name=\"_wpcf7_locale\" value=\"ja\" \/><input type=\"hidden\" name=\"_wpcf7_unit_tag\" value=\"wpcf7-f236-o1\" \/><input type=\"hidden\" name=\"_wpcf7_container_post\" value=\"0\" \/><input type=\"hidden\" name=\"_wpcf7_posted_data_hash\" value=\"\" \/>\n<\/fieldset>\n<div style=\"text-align:center;\" >\n\t<table class=\"table_contact\">\n\t\t<tr>\n\t\t\t<th>\n\t\t\t\t<p><span class=\"red_text\">*<\/span>\u304a\u540d\u524d\n\t\t\t\t<\/p>\n\t\t\t<\/th>\n\t\t\t<td>\n\t\t\t\t<p><span class=\"wpcf7-form-control-wrap\" data-name=\"your-name\"><input size=\"40\" maxlength=\"400\" class=\"wpcf7-form-control wpcf7-text wpcf7-validates-as-required\" aria-required=\"true\" aria-invalid=\"false\" value=\"\" type=\"text\" name=\"your-name\" \/><\/span>\n\t\t\t\t<\/p>\n\t\t\t<\/td>\n\t\t<\/tr>\n\t\t<tr>\n\t\t\t<th>\n\t\t\t\t<p><span class=\"red_text\">*<\/span>\u30d5\u30ea\u30ac\u30ca\n\t\t\t\t<\/p>\n\t\t\t<\/th>\n\t\t\t<td>\n\t\t\t\t<p><span class=\"wpcf7-form-control-wrap\" data-name=\"your-furigana\"><input size=\"40\" maxlength=\"400\" class=\"wpcf7-form-control wpcf7-text wpcf7-validates-as-required\" aria-required=\"true\" aria-invalid=\"false\" value=\"\" type=\"text\" name=\"your-furigana\" \/><\/span>\n\t\t\t\t<\/p>\n\t\t\t<\/td>\n\t\t<\/tr>\n\t\t<tr>\n\t\t\t<th>\n\t\t\t\t<p><span class=\"red_text\">*<\/span>\u30e1\u30fc\u30eb\u30a2\u30c9\u30ec\u30b9\n\t\t\t\t<\/p>\n\t\t\t<\/th>\n\t\t\t<td>\n\t\t\t\t<p><span class=\"wpcf7-form-control-wrap\" data-name=\"your-email\"><input size=\"40\" maxlength=\"400\" class=\"wpcf7-form-control wpcf7-email wpcf7-validates-as-required wpcf7-text wpcf7-validates-as-email\" aria-required=\"true\" aria-invalid=\"false\" value=\"\" type=\"email\" name=\"your-email\" \/><\/span>\n\t\t\t\t<\/p>\n\t\t\t<\/td>\n\t\t<\/tr>\n\t\t<tr>\n\t\t\t<th>\n\t\t\t\t<p>\u8cea\u554f\u3001\u304a\u7948\u308a\u306e\u30ea\u30af\u30a8\u30b9\u30c8\u7b49 (\u4efb\u610f)\n\t\t\t\t<\/p>\n\t\t\t<\/th>\n\t\t\t<td>\n\t\t\t\t<p><span class=\"wpcf7-form-control-wrap\" data-name=\"your-message\"><textarea cols=\"40\" rows=\"10\" maxlength=\"2000\" class=\"wpcf7-form-control wpcf7-textarea\" aria-invalid=\"false\" name=\"your-message\"><\/textarea><\/span>\n\t\t\t\t<\/p>\n\t\t\t<\/td>\n\t\t<\/tr>\n\t<\/table>\n\n\n<!-- \u9001\u4fe1\u30dc\u30bf\u30f3 -->\n\t<div class=\"btn_send\">\n\t\t<p><input class=\"wpcf7-form-control wpcf7-submit has-spinner\" id=\"submit_btn\" type=\"submit\" value=\"\u9001\u4fe1\" \/>\n\t\t<\/p>\n\t<\/div>\n\t<style>\n#submit_btn {width: 100%;}\n\t<\/style>\n<\/div><div class=\"wpcf7-response-output\" aria-hidden=\"true\"><\/div>\n<\/form>\n<\/div>\n<\/div>\n<\/div><\/div>\n","protected":false},"excerpt":{"rendered":"","protected":false},"author":1,"featured_media":0,"parent":0,"menu_order":0,"comment_status":"closed","ping_status":"closed","template":"","meta":{"sns_share_botton_hide":"","vkExUnit_sns_title":"","_vk_print_noindex":"","sitemap_hide":"","vkExUnit_sitemap":"","_veu_custom_css":"","veu_display_promotion_alert":"","_exclude_from_list_pages":"","vkexunit_cta_each_option":"","vkExUnit_childPageIndex":"","vkExUnit_pageList_ancestor":"","vkExUnit_contact_enable":"","footnotes":""},"class_list":["post-233","page","type-page","status-publish","hentry"],"veu_head_title_object":{"title":"","add_site_title":""},"_links":{"self":[{"href":"https:\/\/www.tokyourbanchurch.com\/index.php?rest_route=\/wp\/v2\/pages\/233","targetHints":{"allow":["GET"]}}],"collection":[{"href":"https:\/\/www.tokyourbanchurch.com\/index.php?rest_route=\/wp\/v2\/pages"}],"about":[{"href":"https:\/\/www.tokyourbanchurch.com\/index.php?rest_route=\/wp\/v2\/types\/page"}],"author":[{"embeddable":true,"href":"https:\/\/www.tokyourbanchurch.com\/index.php?rest_route=\/wp\/v2\/users\/1"}],"replies":[{"embeddable":true,"href":"https:\/\/www.tokyourbanchurch.com\/index.php?rest_route=%2Fwp%2Fv2%2Fcomments&post=233"}],"version-history":[{"count":24,"href":"https:\/\/www.tokyourbanchurch.com\/index.php?rest_route=\/wp\/v2\/pages\/233\/revisions"}],"predecessor-version":[{"id":503,"href":"https:\/\/www.tokyourbanchurch.com\/index.php?rest_route=\/wp\/v2\/pages\/233\/revisions\/503"}],"wp:attachment":[{"href":"https:\/\/www.tokyourbanchurch.com\/index.php?rest_route=%2Fwp%2Fv2%2Fmedia&parent=233"}],"curies":[{"name":"wp","href":"https:\/\/api.w.org\/{rel}","templated":true}]}}